{"id":162,"date":"2024-05-10T08:21:23","date_gmt":"2024-05-10T08:21:23","guid":{"rendered":"https:\/\/hunderdorf-pfarrei.de\/?page_id=162"},"modified":"2026-03-20T09:02:44","modified_gmt":"2026-03-20T09:02:44","slug":"au-vorm-wald","status":"publish","type":"page","link":"https:\/\/hunderdorf-pfarrei.de\/?page_id=162","title":{"rendered":"Au vorm Wald &#8211; St. Valentin"},"content":{"rendered":"\n<p class=\"has-text-align-right\"><a href=\"https:\/\/hunderdorf-pfarrei.de\/?page_id=160\">zur\u00fcck<\/a><\/p>\n\n\n\n<p>Die Schlo\u00dfkapelle Au vorm Wald<\/p>\n\n\n\n<p>Inmitten der H\u00e4user des Ortes Au vorm Wald, angelehnt an das alte Schlo\u00df, steht die Schlo\u00dfkapelle St. Valentin, eine Filialkirche von Hunderdorf. Der urspr\u00fcnglich sp\u00e4tgotische Bau wurde in der Barockzeit ver\u00e4ndert. Wenn auch die Innenausstattung nicht allzu \u00fcppig ist, so ist das Kirchlein doch sehenswert. Der sp\u00e4tgotische Altar aus dem 17. Jahrhundert hat einen Aufsatz im Sp\u00e4trenaissancestil. Das Altarbild in chinesisch-rot gehaltenem Farbgrund ist dreiteilig und zeigt in der Mitte St. Maria mit dem Kind und den hl. Valentin, den Schutzpatron des Kirchleins. In den Seitenstreifen links St. Katharina und St. Dorothea \u00fcbereinandergeordnet, rechts ebenso St. Margareta und St. Barbara.<\/p>\n\n\n\n<p>Neben einfachen Kreuzwegstationen finden wir die Figuren St. Valentin mit Buch und Bischofstab, sp\u00e4tgotische Arbeit um 1500 und St. Maria mit dem Kind, Krone und Sch\u00e4deldecke der Muttergottes sind gespalten von einem S\u00e4bel, der noch in der Wunde steckt. Es handelt sich um eine Nachbildung des Gnadenbildes von Neukirchen beim hl. Blut, sp\u00e4tgotische Arbeit um 1480. Sockel und rechte Hand sind sp\u00e4ter erneuert worden.<\/p>\n\n\n\n<p>Im Vorraum sind einige l\u00e4ndliche Votivtafeln angebracht. Die ehemaligen Spitzbogenfensterchen im Chorhaupt wurden vermauert. Die zwei Rundbogenfenster stammen aus der Barockzeit.<\/p>\n\n\n\n<p>Uber dem Vorraum erreicht man auf einer Treppe einen Raum, der fr\u00fcher als Oratorium diente.<\/p>\n\n\n\n<p><em>Quelle: Kornel Klar: Kirchen \u2013 Kapellen \u2013 Kreuze in der Pfarrgemeinde Hunderdorf<\/em><\/p>\n\n\n\n<p><\/p>\n","protected":false},"excerpt":{"rendered":"<p>zur\u00fcck Die Schlo\u00dfkapelle Au vorm Wald Inmitten der H\u00e4user des Ortes Au vorm Wald, angelehnt an das alte Schlo\u00df, steht die Schlo\u00dfkapelle St. Valentin, eine Filialkirche von Hunderdorf. Der urspr\u00fcnglich sp\u00e4tgotische Bau wurde in der Barockzeit ver\u00e4ndert. Wenn auch die Innenausstattung nicht allzu \u00fcppig ist, so ist das Kirchlein doch sehenswert. Der sp\u00e4tgotische Altar aus &hellip; <a href=\"https:\/\/hunderdorf-pfarrei.de\/?page_id=162\" class=\"more-link\"><span class=\"screen-reader-text\">Au vorm Wald &#8211; St. Valentin<\/span> weiterlesen <span class=\"meta-nav\">&rarr;<\/span><\/a><\/p>\n","protected":false},"author":3,"featured_media":0,"parent":160,"menu_order":0,"comment_status":"closed","ping_status":"closed","template":"","meta":{"footnotes":""},"class_list":["post-162","page","type-page","status-publish","hentry"],"_links":{"self":[{"href":"https:\/\/hunderdorf-pfarrei.de\/index.php?rest_route=\/wp\/v2\/pages\/162","targetHints":{"allow":["GET"]}}],"collection":[{"href":"https:\/\/hunderdorf-pfarrei.de\/index.php?rest_route=\/wp\/v2\/pages"}],"about":[{"href":"https:\/\/hunderdorf-pfarrei.de\/index.php?rest_route=\/wp\/v2\/types\/page"}],"author":[{"embeddable":true,"href":"https:\/\/hunderdorf-pfarrei.de\/index.php?rest_route=\/wp\/v2\/users\/3"}],"replies":[{"embeddable":true,"href":"https:\/\/hunderdorf-pfarrei.de\/index.php?rest_route=%2Fwp%2Fv2%2Fcomments&post=162"}],"version-history":[{"count":4,"href":"https:\/\/hunderdorf-pfarrei.de\/index.php?rest_route=\/wp\/v2\/pages\/162\/revisions"}],"predecessor-version":[{"id":603,"href":"https:\/\/hunderdorf-pfarrei.de\/index.php?rest_route=\/wp\/v2\/pages\/162\/revisions\/603"}],"up":[{"embeddable":true,"href":"https:\/\/hunderdorf-pfarrei.de\/index.php?rest_route=\/wp\/v2\/pages\/160"}],"wp:attachment":[{"href":"https:\/\/hunderdorf-pfarrei.de\/index.php?rest_route=%2Fwp%2Fv2%2Fmedia&parent=162"}],"curies":[{"name":"wp","href":"https:\/\/api.w.org\/{rel}","templated":true}]}}