{"id":242,"date":"2024-05-13T12:51:26","date_gmt":"2024-05-13T12:51:26","guid":{"rendered":"https:\/\/hunderdorf-pfarrei.de\/?page_id=242"},"modified":"2026-03-20T08:59:24","modified_gmt":"2026-03-20T08:59:24","slug":"pfarrkirche-st-nikolaus-hunderdorf","status":"publish","type":"page","link":"https:\/\/hunderdorf-pfarrei.de\/?page_id=242","title":{"rendered":"Pfarrkirche St. Nikolaus Hunderdorf"},"content":{"rendered":"\n<p class=\"has-text-align-right\"><a href=\"https:\/\/hunderdorf-pfarrei.de\/?page_id=160\">zur\u00fcck<\/a><\/p>\n\n\n\n<p>Hier wird der Text der Brosch\u00fcre \u00fcber die Pfarrkirche Hunderdorf gezeigt, die Pfarrer Anton H\u00f6gner 1987 verfasst hat:<\/p>\n\n\n<div class=\"wp-block-image\">\n<figure class=\"aligncenter size-full\"><img loading=\"lazy\" decoding=\"async\" width=\"485\" height=\"851\" src=\"https:\/\/hunderdorf-pfarrei.de\/wp-content\/uploads\/2024\/05\/Pfarrkirche0101-Titel.jpg\" alt=\"\" class=\"wp-image-243\" srcset=\"https:\/\/hunderdorf-pfarrei.de\/wp-content\/uploads\/2024\/05\/Pfarrkirche0101-Titel.jpg 485w, https:\/\/hunderdorf-pfarrei.de\/wp-content\/uploads\/2024\/05\/Pfarrkirche0101-Titel-171x300.jpg 171w\" sizes=\"auto, (max-width: 485px) 100vw, 485px\" \/><\/figure>\n<\/div>\n\n\n<h2 class=\"wp-block-heading\"><strong>Aus der Geschichte der Pfarrei:<\/strong><\/h2>\n\n\n\n<p>Die Pfarrei St. Nikolaus in Hunderdorf ist eng mit dem Pr\u00e4monstratenserchorherrenstift Windberg verbunden. Schon 1245 sind Besitzungen der Abtei im heutigen Pfarrgebiet nachweisbar. Im Oktober 1616 tauscht die Abtei Windberg die Pfarrei Hunderdorf gegen die Pfarrei Viechtach ein. Hunderdorf wird \u201eKlosterpfarrei&#8220;. Damals geh\u00f6rte auch Neukirchen bei Haggn zum Pfarrgebiet.<\/p>\n\n\n<div class=\"wp-block-image\">\n<figure class=\"aligncenter size-full\"><img loading=\"lazy\" decoding=\"async\" width=\"609\" height=\"434\" src=\"https:\/\/hunderdorf-pfarrei.de\/wp-content\/uploads\/2024\/05\/Pfarrkirche0102-Pfarrkirche-Innen.jpg\" alt=\"\" class=\"wp-image-244\" srcset=\"https:\/\/hunderdorf-pfarrei.de\/wp-content\/uploads\/2024\/05\/Pfarrkirche0102-Pfarrkirche-Innen.jpg 609w, https:\/\/hunderdorf-pfarrei.de\/wp-content\/uploads\/2024\/05\/Pfarrkirche0102-Pfarrkirche-Innen-300x214.jpg 300w\" sizes=\"auto, (max-width: 609px) 100vw, 609px\" \/><\/figure>\n<\/div>\n\n\n<p>In der S\u00e4kularisation wird das Kloster Windberg aufgehoben und Hunderdorf 1806 eine selbst\u00e4ndige Pfarrei. Neukirchen b. Haggn wird aus dem Pfarrgebiet ausgegliedert und selbst\u00e4ndig. 1923 wird Rammersberg von Oberalteich nach Hunderdorf und Buchberg von Hunderdorf nach Mitterfels gepfarrt. Um 1900 z\u00e4hlt die Pfarrei etwa 1700 Katholiken.<\/p>\n\n\n\n<p>Die fr\u00fchere Pfarrkirche St. Nikolaus wurde 1699 erbaut und 1700 geweiht. 1857\/58 wird sie erweitert und 1859 neu konsekriert. Im Lauf der Zeit wurde sie zu klein. 1935\/36 mu\u00dfte sie abgebrochen werden. Sie stand an der Hauptstra\u00dfe im heutigen Anwesen Baier-Edbauer.<\/p>\n\n\n\n<h2 class=\"wp-block-heading\"><strong>Die Pfarrkirche St. Nikolaus:<\/strong><\/h2>\n\n\n\n<p>1935 begann man mit dem Neubau der jetzigen Pfarrkirche. Sie ist ebenso dem hl. Nikolaus, Bischof von Myra, geweiht. In den letzten zehn Jahren wurde die Pfarrkirche innen baum\u00e4\u00dfig gesichert und renoviert, ebenso der einsturzgef\u00e4hrdete Kirchturm. In der Erbauungszeit waren Friedrich Betthausen und Johann Kiermaier Pfarrer in Hunderdorf.<\/p>\n\n\n\n<p>Architekt: Regierungsbaumeister K. Wirthensohn, Regensburg<br>Baufirma: Josef Helmbrecht, Oberalteich<br>Grundsteinlegung: 29. Juni 1935 \u2014 Grundstein im Chorbogen, links<br>Fertigstellung der Kirche: 1936<br>Konsekration: 30. Mai 1937<br>durch Erzbischof Michael Buchberger, Regensburg<\/p>\n\n\n\n<p>Dem rechteckigen L\u00e4ngsschiff mit flacher Kassettendecke ist \u00f6stlich der Turm vorgelagert, der den Chorraum birgt. Die W\u00e4nde des Schiffes sind mit Pilastern gegliedert, der rechteckige Chor ist durch einen Bogen angeschnitten. Die Kirche ist ca. 42 m lang, 14 m breit und bietet ca. 540 Sitzpl\u00e4tze.<\/p>\n\n\n\n<h2 class=\"wp-block-heading\"><strong>Der Chor \u2014 der Altarraum:<\/strong><\/h2>\n\n\n\n<p>G\u00fcnter Mauermann, Weiden, hat in den 80er Jahren den Altarraum nach den gebotenen liturgischen Richtlinien gestaltet: Altar, Ambo und Taufstein wurden aus Kelheimer Marmor geschlagen. Der Altar zeigt das apokalyptische Lamm: \u201eDas Lamm in der Mitte wird sie weiden und zu den Quellen des Lebens f\u00fchren.&#8220; (Apc 7,17) Der Ambo zeigt das Symbol des Heiligen Geistes, die Taube, und der Taufstein gibt die Bewegung des Wassers wieder.<\/p>\n\n\n\n<p>Bischof Manfred M\u00fcller, Regensburg, hat am Kirchweihsonntag, 17. 10. 1982 den Altar konsekriert, und Reliquien der Heiligen Albertus Magnus und des M\u00e4rtyrers Timotheus im Altar eingemauert.<\/p>\n\n\n\n<p>Der urspr\u00fcngliche Altar wurde zum Tabernakel. Der Pelikan, ein altes Christussymbol, bekr\u00f6nt ihn. Engel tragen Kerzen und verehren Christus in der Eucharistie. Das Chorbild von E. Sch\u00f6ppl, Regensburg 1936, zeigt Christus.<\/p>\n\n\n\n<h2 class=\"wp-block-heading\"><strong>Die Ausstattung der Kirche<\/strong><\/h2>\n\n\n\n<p>Die Farbfenster im Altarraum, gestaltet von der Firma Schwarzmayr in Regensburg nach Entw\u00fcrfen von Heinrich Diermeier, Gilching, zeigen: Maria, auf ihrem Scho\u00df das Christkind. Es gibt an den hl. Dominikus den Rosenkranz, rechts steht die hl. Teresa von Avila.<\/p>\n\n\n\n<p>Die Farbfenster links im Schiff: Mutter Anna mit Maria, Barbara und Theresia vom Kinde Jesu, Monika und Agnes.<\/p>\n\n\n\n<p>Die Farbfenster rechts im Schiff: Jesus mit den Kindern, Georg und Sebastian, Wendelin und Bruder Konrad.<\/p>\n\n\n\n<p>Die Heiligenfiguren, Holz gefa\u00dft, aus der alten Pfarrkirche sind: Bischof Nikolaus von Myra, Patron der Pfarrkirche mit drei goldenen Kugeln auf dem Buch, der Martyrer Stefan, Nebenpatron der Pfarrkirche mit drei Steinen, Sebastian mit dem Pfeil und Florian mit dem Wassereimer.<\/p>\n\n\n<div class=\"wp-block-image\">\n<figure class=\"aligncenter size-full\"><img loading=\"lazy\" decoding=\"async\" width=\"614\" height=\"431\" src=\"https:\/\/hunderdorf-pfarrei.de\/wp-content\/uploads\/2024\/05\/Pfarrkirche0103-Pfarrkirche-Innen-Orgelempore.jpg\" alt=\"\" class=\"wp-image-245\" srcset=\"https:\/\/hunderdorf-pfarrei.de\/wp-content\/uploads\/2024\/05\/Pfarrkirche0103-Pfarrkirche-Innen-Orgelempore.jpg 614w, https:\/\/hunderdorf-pfarrei.de\/wp-content\/uploads\/2024\/05\/Pfarrkirche0103-Pfarrkirche-Innen-Orgelempore-300x211.jpg 300w\" sizes=\"auto, (max-width: 614px) 100vw, 614px\" \/><\/figure>\n<\/div>\n\n\n<p>Mauermann-Vater schuf 1964 den Kreuzweg f\u00fcr die Pfarrkirche, 1980 schnitzte von Z\u00fclow, Bodenmais, die Immakulata.<\/p>\n\n\n\n<p>Die Firma Georg Jann, Allkofen, schuf 1982 die Orgel. Sie hat 18 klingende Register und zwei Manuale.<\/p>\n\n\n\n<p>Der Turm mit seiner H\u00f6he von 44 Metern (einschl. Kreuz) tr\u00e4gt f\u00fcnf Glocken der Firma Gugg, Straubing.<\/p>\n\n\n\n<p>Zwei Kostbarkeiten seien abschlie\u00dfend erw\u00e4hnt: eine gotische Figur der heiligen Dorothea oder Elisabeth in der ehemaligen Taufkapelle und eine kupfergetriebene Monstranz, ein Geschenk der Grafen Schu\u00df von Steinburg aus dem Jahr 1773.<\/p>\n\n\n\n<h2 class=\"wp-block-heading\"><strong>Die Pfarrei heute<\/strong><\/h2>\n\n\n\n<p>Nach dem Zweiten Weltkrieg ist die Pfarrei vor allem durch die Holzindustrie gepr\u00e4gt worden. Ein M\u00f6belwerk und \u00f6rtliche Schreinereibetriebe pr\u00e4gen neben der Landwirtschaft das Ortsbild. Eine Lebensmittelfirma, Kunststoffwerke und die Bundeswehr in Bogen, sowie Autowerke in Dingolfing und Regensburg bieten, neben Straubing, Arbeitspl\u00e4tze. In j\u00fcngster Zeit wurde die A 3 durch das Pfarrgebiet gef\u00fchrt.<\/p>\n\n\n\n<p>Zur Zeit leben etwa 2670 Katholiken in der Pfarrgemeinde. Der Pfarrsprengel deckt sich mit der politischen Gemeinde. Auch das Einzugsgebiet der Schule harmoniert mit der Pfarrei.<\/p>\n\n\n\n<div class=\"wp-block-group is-content-justification-left is-nowrap is-layout-flex wp-container-core-group-is-layout-f56a869c wp-block-group-is-layout-flex\">\n<figure class=\"wp-block-image size-full\"><img loading=\"lazy\" decoding=\"async\" width=\"128\" height=\"203\" src=\"https:\/\/hunderdorf-pfarrei.de\/wp-content\/uploads\/2024\/05\/Pfarrkirche0104-Logo.jpg\" alt=\"\" class=\"wp-image-246\"\/><\/figure>\n\n\n\n<figure class=\"wp-block-image size-full\"><img loading=\"lazy\" decoding=\"async\" width=\"334\" height=\"485\" src=\"https:\/\/hunderdorf-pfarrei.de\/wp-content\/uploads\/2024\/05\/Pfarrkirche0105-Nikolaus.jpg\" alt=\"\" class=\"wp-image-247\" srcset=\"https:\/\/hunderdorf-pfarrei.de\/wp-content\/uploads\/2024\/05\/Pfarrkirche0105-Nikolaus.jpg 334w, https:\/\/hunderdorf-pfarrei.de\/wp-content\/uploads\/2024\/05\/Pfarrkirche0105-Nikolaus-207x300.jpg 207w\" sizes=\"auto, (max-width: 334px) 100vw, 334px\" \/><\/figure>\n<\/div>\n\n\n\n<h2 class=\"wp-block-heading\"><strong>Nikolaus, Bischof von Myra \u2014 ihm ist unsere Pfarrkirche geweiht<\/strong><\/h2>\n\n\n\n<p>Am Ende der Christenverfolgung im r\u00f6mischen Reich lebt er als Bischof im heute t\u00fcrkischen Dembre an der Mittelmeerk\u00fcste (damals Myra in Kleinasien). Am Konzil von Nic\u00e4a (325 n. Chr.) nimmt er als einer der Bisch\u00f6fe teil, die an ihrem Leib noch deutlich die Spuren der Mi\u00dfhandlungen tragen. Etwa 65 j\u00e4hrig stirbt er am 6. 12. 343.<br>Sowohl in der ganzen Ostkirche, wie auch seit dem hohen Mittelalter (am 9. 5. 1087 werden seine sterblichen \u00dcberreste nach Bari \/ S\u00fcd-Italien \u00fcbertragen) in der lateinischen Westkirche ist er hochverehrt. Zahlreiche Legenden bilden sich um sein Leben.<br>In unserer Pfarrkirche ist er dargestellt im Bischofsornat mit drei goldenen Kugeln auf dem Buch \u2014 ein Hinweis wohl auf sein entschiedenes Eintreten f\u00fcr die Wesensgleichheit der drei g\u00f6ttlichen Personen auf dem Konzil von Nic\u00e4a.<\/p>\n\n\n\n<h2 class=\"wp-block-heading\"><strong>Heiliger Nikolaus, verehrt in der ganzen Kirche, bitte f\u00fcr uns!<\/strong><\/h2>\n\n\n\n<p>Zum Pfarrgebiet geh\u00f6ren: die ehemaligen Gemeinden Steinburg und Gaishausen und viele verstreut liegende Weiler. Weitere Kirchen und Kapellen finden wir in Au vorm Wald: die Schlo\u00dfkapelle St. Valentin, in Hofdorf: eine Kapelle der sel. Edinga von Puch geweiht und in Steinburg: die nicht zug\u00e4ngliche ehemalige Schlo\u00dfkapelle. In Rammersberg, Sollach, Gaishausen, Riglberg, Grub und Lintach, sind weitere kleinere Kapellen.<\/p>\n\n\n\n<p>Die evangelische Gemeinde Bogen hat in der Bahnhofsiedlung eine Kirche.<\/p>\n\n\n\n<h2 class=\"wp-block-heading\"><strong>Pfarrer in Hunderdorf seit der S\u00e4kularisation<\/strong><\/h2>\n\n\n\n<p>Pater Sabinus Blaim, o. praem 1801 \u2013 1817<br>Theodor Lehr 1818 \u2013 1834<br>Dr. Franz Xaver Ma\u00dfl 1835 \u2013 1843<br>Josef Luschner 1843 \u2013 1870<br>Johann Nepomuk Zeindl 1870 \u2013 1885<br>Josef R\u00e4dlhammer 1885 \u2013 1894<br>Wolfgang Gruber 1894 \u2013 1915<br>Leonhard Hirtl 1915 \u2013 1920<br>Michael Gebhard 1920 \u2013 1931<br>Friedrich Betthausen 1931 \u2013 1935<br>Johann B. Kiermaier 1936 \u2013 1962<br>Georg Ru\u00df 1962 \u2013 1974<br>Johannes Vilsmeier 1974 \u2013 1976<br>Franz Xaver Reitinger 1976 \u2013 1981<br>Anton H\u00f6gner 1981<\/p>\n\n\n\n<h2 class=\"wp-block-heading\"><strong>Liebe Besucher!<\/strong><\/h2>\n\n\n\n<p>In unserer Pfarrkirche finden Sie keine Kunstsch\u00e4tze. Doch ist hier die geistliche Heimat der Katholiken der Gemeinde. Sie finden hier den Herrn im Sakrament der Eucharistie, er l\u00e4dt Sie ein, vor ihm zu beten.<\/p>\n\n\n\n<p class=\"has-text-align-center\">_________________________________________________________________<\/p>\n\n\n\n<p class=\"has-text-align-center\">Kath. Pfarramt St. Nikolaus, Hauptstra\u00dfe 19,8447 Hunderdorf, Telefon (09422) 2243 &#8211; 1987<\/p>\n\n\n\n<p class=\"has-text-color has-link-color wp-elements-16974829418a0602b826b33695022019\" style=\"color:#02b573\"><a href=\"https:\/\/j-breu.de\/div\/heimatbuecher-des-ortschronisten-kornel-klar\/kirchen-kapellen-kreuze-in-der-pfarrgemeinde-hunderdorf\/\" data-type=\"link\" data-id=\"https:\/\/j-breu.de\/div\/heimatbuecher-des-ortschronisten-kornel-klar\/kirchen-kapellen-kreuze-in-der-pfarrgemeinde-hunderdorf\/\"><strong>Kornel Klar hat 1998 eine Zusammenstellung \u00fcber Kirchen &#8211; Kapellen &#8211; Kreuze in der Pfarrgemeinde Hunderdorf verfasst. Hier geht&#8217;s zu dieser Abhandlung.<\/strong><\/a><\/p>\n","protected":false},"excerpt":{"rendered":"<p>zur\u00fcck Hier wird der Text der Brosch\u00fcre \u00fcber die Pfarrkirche Hunderdorf gezeigt, die Pfarrer Anton H\u00f6gner 1987 verfasst hat: Aus der Geschichte der Pfarrei: Die Pfarrei St. Nikolaus in Hunderdorf ist eng mit dem Pr\u00e4monstratenserchorherrenstift Windberg verbunden. Schon 1245 sind Besitzungen der Abtei im heutigen Pfarrgebiet nachweisbar. Im Oktober 1616 tauscht die Abtei Windberg die &hellip; <a href=\"https:\/\/hunderdorf-pfarrei.de\/?page_id=242\" class=\"more-link\"><span class=\"screen-reader-text\">Pfarrkirche St. Nikolaus Hunderdorf<\/span> weiterlesen <span class=\"meta-nav\">&rarr;<\/span><\/a><\/p>\n","protected":false},"author":1,"featured_media":0,"parent":160,"menu_order":0,"comment_status":"closed","ping_status":"closed","template":"","meta":{"footnotes":""},"class_list":["post-242","page","type-page","status-publish","hentry"],"_links":{"self":[{"href":"https:\/\/hunderdorf-pfarrei.de\/index.php?rest_route=\/wp\/v2\/pages\/242","targetHints":{"allow":["GET"]}}],"collection":[{"href":"https:\/\/hunderdorf-pfarrei.de\/index.php?rest_route=\/wp\/v2\/pages"}],"about":[{"href":"https:\/\/hunderdorf-pfarrei.de\/index.php?rest_route=\/wp\/v2\/types\/page"}],"author":[{"embeddable":true,"href":"https:\/\/hunderdorf-pfarrei.de\/index.php?rest_route=\/wp\/v2\/users\/1"}],"replies":[{"embeddable":true,"href":"https:\/\/hunderdorf-pfarrei.de\/index.php?rest_route=%2Fwp%2Fv2%2Fcomments&post=242"}],"version-history":[{"count":5,"href":"https:\/\/hunderdorf-pfarrei.de\/index.php?rest_route=\/wp\/v2\/pages\/242\/revisions"}],"predecessor-version":[{"id":601,"href":"https:\/\/hunderdorf-pfarrei.de\/index.php?rest_route=\/wp\/v2\/pages\/242\/revisions\/601"}],"up":[{"embeddable":true,"href":"https:\/\/hunderdorf-pfarrei.de\/index.php?rest_route=\/wp\/v2\/pages\/160"}],"wp:attachment":[{"href":"https:\/\/hunderdorf-pfarrei.de\/index.php?rest_route=%2Fwp%2Fv2%2Fmedia&parent=242"}],"curies":[{"name":"wp","href":"https:\/\/api.w.org\/{rel}","templated":true}]}}