{"id":432,"date":"2026-03-17T13:31:53","date_gmt":"2026-03-17T13:31:53","guid":{"rendered":"https:\/\/hunderdorf-pfarrei.de\/?page_id=432"},"modified":"2026-05-09T11:37:23","modified_gmt":"2026-05-09T11:37:23","slug":"taufe","status":"publish","type":"page","link":"https:\/\/hunderdorf-pfarrei.de\/?page_id=432","title":{"rendered":"Taufe"},"content":{"rendered":"\n<p class=\"has-text-color has-link-color wp-elements-3b194e75c7aefed84f0b2800f34f1f58\" style=\"color:#0cc02d\"><a href=\"https:\/\/hunderdorf-pfarrei.de\/?page_id=429\">zur\u00fcck<\/a><\/p>\n\n\n\n<p>Durch die Taufe wird ein Kind, aber auch ein ungetaufter Erwachsener, in unsere Kirche aufgenommen.<\/p>\n\n\n\n<p class=\"has-vivid-cyan-blue-color has-text-color has-link-color wp-elements-453796982ea5a1eea4ed5354c428ca53\" style=\"font-size:22px\">N\u00e4here Informationen finden Sie <a href=\"https:\/\/bistum-regensburg.de\/glauben\/sakramente\/taufe\">hier.<\/a><\/p>\n\n\n\n<p><\/p>\n\n\n\n<p>Zur Taufe bitte im Pfarrb\u00fcro melden, um die Daten aufzunehmen und einen Tauftermin zu vereinbaren. <\/p>\n\n\n\n<p>Die Tauftermine sind an nachsteheden Sonntagen jeweils um 10 Uhr:<\/p>\n\n\n\n<p>8. November 2026<\/p>\n\n\n\n<p>4. Oktober 2026<\/p>\n\n\n\n<p>6. Spetember 2026<\/p>\n\n\n\n<p>2. August 2026<\/p>\n\n\n\n<p>5 Juli 2026<\/p>\n\n\n\n<p>7. Juni 2026<\/p>\n\n\n\n<p><\/p>\n\n\n\n<p><\/p>\n\n\n\n<p><br><\/p>\n\n\n\n<p><\/p>\n","protected":false},"excerpt":{"rendered":"<p>zur\u00fcck Durch die Taufe wird ein Kind, aber auch ein ungetaufter Erwachsener, in unsere Kirche aufgenommen. N\u00e4here Informationen finden Sie hier. Zur Taufe bitte im Pfarrb\u00fcro melden, um die Daten aufzunehmen und einen Tauftermin zu vereinbaren. Die Tauftermine sind an nachsteheden Sonntagen jeweils um 10 Uhr: 8. November 2026 4. Oktober 2026 6. Spetember 2026 &hellip; <a href=\"https:\/\/hunderdorf-pfarrei.de\/?page_id=432\" class=\"more-link\"><span class=\"screen-reader-text\">Taufe<\/span> weiterlesen <span class=\"meta-nav\">&rarr;<\/span><\/a><\/p>\n","protected":false},"author":1,"featured_media":0,"parent":429,"menu_order":0,"comment_status":"closed","ping_status":"closed","template":"","meta":{"footnotes":""},"class_list":["post-432","page","type-page","status-publish","hentry"],"_links":{"self":[{"href":"https:\/\/hunderdorf-pfarrei.de\/index.php?rest_route=\/wp\/v2\/pages\/432","targetHints":{"allow":["GET"]}}],"collection":[{"href":"https:\/\/hunderdorf-pfarrei.de\/index.php?rest_route=\/wp\/v2\/pages"}],"about":[{"href":"https:\/\/hunderdorf-pfarrei.de\/index.php?rest_route=\/wp\/v2\/types\/page"}],"author":[{"embeddable":true,"href":"https:\/\/hunderdorf-pfarrei.de\/index.php?rest_route=\/wp\/v2\/users\/1"}],"replies":[{"embeddable":true,"href":"https:\/\/hunderdorf-pfarrei.de\/index.php?rest_route=%2Fwp%2Fv2%2Fcomments&post=432"}],"version-history":[{"count":7,"href":"https:\/\/hunderdorf-pfarrei.de\/index.php?rest_route=\/wp\/v2\/pages\/432\/revisions"}],"predecessor-version":[{"id":712,"href":"https:\/\/hunderdorf-pfarrei.de\/index.php?rest_route=\/wp\/v2\/pages\/432\/revisions\/712"}],"up":[{"embeddable":true,"href":"https:\/\/hunderdorf-pfarrei.de\/index.php?rest_route=\/wp\/v2\/pages\/429"}],"wp:attachment":[{"href":"https:\/\/hunderdorf-pfarrei.de\/index.php?rest_route=%2Fwp%2Fv2%2Fmedia&parent=432"}],"curies":[{"name":"wp","href":"https:\/\/api.w.org\/{rel}","templated":true}]}}