{"id":437,"date":"2026-03-17T13:50:54","date_gmt":"2026-03-17T13:50:54","guid":{"rendered":"https:\/\/hunderdorf-pfarrei.de\/?page_id=437"},"modified":"2026-05-09T09:07:11","modified_gmt":"2026-05-09T09:07:11","slug":"sterbefall","status":"publish","type":"page","link":"https:\/\/hunderdorf-pfarrei.de\/?page_id=437","title":{"rendered":"Sterbefall"},"content":{"rendered":"\n<p class=\"has-text-color has-link-color wp-elements-d3d441319684456b6374e4b3649f5537\" style=\"color:#02945e\"><a href=\"https:\/\/hunderdorf-pfarrei.de\/?page_id=429\">zur\u00fcck<\/a><\/p>\n\n\n\n<p class=\"has-vivid-cyan-blue-color has-text-color has-link-color wp-elements-bd552c35fc6ac9408f3c43bf69238351\" style=\"font-size:22px\">Unterst\u00fctzung und Rat im Todesfall finden Sie <a href=\"https:\/\/bistum-regensburg.de\/news\/unterstuetzung-und-rat-im-todesfall\">hier.<\/a><\/p>\n\n\n\n<p>Ansprechpartner f\u00fcr Trauerf\u00e4lle: <\/p>\n\n\n\n<p><strong>Irene Scheibenthaler, Telefon: 09422 48 51<\/strong><\/p>\n\n\n\n<p>Beerdigungen finden im Regelfall auf dem Friedhof in Hunderdorf, das anschlie\u00dfende Requiem in der Pfarrkirche St. Nikolaus statt.<\/p>\n\n\n\n<p>Mit den trauernden Angeh\u00f6rigen findet vorher ein <strong>Trauergespr\u00e4ch<\/strong> statt.<\/p>\n\n\n\n<p>Die <strong>Uhrzeiten<\/strong> sind<\/p>\n\n\n\n<p style=\"font-size:16px\"><strong>von Montag bis Freitag:<\/strong> <br>Beisetzung auf dem Friedhof 13.45 Uhr <br> Requiem in der Pfarrkirche St. Nikolaus 14.30 Uhr<\/p>\n\n\n\n<p><strong>an Samstagen: <\/strong><br>Beisetzung auf dem Friedhof 9.15 Uhr <br> Requiem in der Pfarrkirche St. Nikolaus 10.00 Uhr<\/p>\n\n\n\n<p>Ausnahmen von dieser Regel sind nur in Absprache mit dem Pfarrer m\u00f6glich.<\/p>\n","protected":false},"excerpt":{"rendered":"<p>zur\u00fcck Unterst\u00fctzung und Rat im Todesfall finden Sie hier. Ansprechpartner f\u00fcr Trauerf\u00e4lle: Irene Scheibenthaler, Telefon: 09422 48 51 Beerdigungen finden im Regelfall auf dem Friedhof in Hunderdorf, das anschlie\u00dfende Requiem in der Pfarrkirche St. Nikolaus statt. Mit den trauernden Angeh\u00f6rigen findet vorher ein Trauergespr\u00e4ch statt. Die Uhrzeiten sind von Montag bis Freitag: Beisetzung auf dem &hellip; <a href=\"https:\/\/hunderdorf-pfarrei.de\/?page_id=437\" class=\"more-link\"><span class=\"screen-reader-text\">Sterbefall<\/span> weiterlesen <span class=\"meta-nav\">&rarr;<\/span><\/a><\/p>\n","protected":false},"author":1,"featured_media":0,"parent":429,"menu_order":7,"comment_status":"closed","ping_status":"closed","template":"","meta":{"footnotes":""},"class_list":["post-437","page","type-page","status-publish","hentry"],"_links":{"self":[{"href":"https:\/\/hunderdorf-pfarrei.de\/index.php?rest_route=\/wp\/v2\/pages\/437","targetHints":{"allow":["GET"]}}],"collection":[{"href":"https:\/\/hunderdorf-pfarrei.de\/index.php?rest_route=\/wp\/v2\/pages"}],"about":[{"href":"https:\/\/hunderdorf-pfarrei.de\/index.php?rest_route=\/wp\/v2\/types\/page"}],"author":[{"embeddable":true,"href":"https:\/\/hunderdorf-pfarrei.de\/index.php?rest_route=\/wp\/v2\/users\/1"}],"replies":[{"embeddable":true,"href":"https:\/\/hunderdorf-pfarrei.de\/index.php?rest_route=%2Fwp%2Fv2%2Fcomments&post=437"}],"version-history":[{"count":6,"href":"https:\/\/hunderdorf-pfarrei.de\/index.php?rest_route=\/wp\/v2\/pages\/437\/revisions"}],"predecessor-version":[{"id":702,"href":"https:\/\/hunderdorf-pfarrei.de\/index.php?rest_route=\/wp\/v2\/pages\/437\/revisions\/702"}],"up":[{"embeddable":true,"href":"https:\/\/hunderdorf-pfarrei.de\/index.php?rest_route=\/wp\/v2\/pages\/429"}],"wp:attachment":[{"href":"https:\/\/hunderdorf-pfarrei.de\/index.php?rest_route=%2Fwp%2Fv2%2Fmedia&parent=437"}],"curies":[{"name":"wp","href":"https:\/\/api.w.org\/{rel}","templated":true}]}}