{"id":455,"date":"2026-03-17T15:16:52","date_gmt":"2026-03-17T15:16:52","guid":{"rendered":"https:\/\/hunderdorf-pfarrei.de\/?page_id=455"},"modified":"2026-03-17T17:02:20","modified_gmt":"2026-03-17T17:02:20","slug":"kommunion-erstkommunion","status":"publish","type":"page","link":"https:\/\/hunderdorf-pfarrei.de\/?page_id=455","title":{"rendered":"Kommunion &#8211; Erstkommunion"},"content":{"rendered":"\n<p class=\"has-text-color has-link-color wp-elements-92392234ed3b4dae57acba49767939e3\" style=\"color:#03b171\"><a href=\"https:\/\/hunderdorf-pfarrei.de\/?page_id=429\">zur\u00fcck<\/a><\/p>\n\n\n\n<p class=\"has-vivid-cyan-blue-color has-text-color has-link-color wp-elements-e40128984d7db12e3fc611588113bda0\" style=\"font-size:22px\">Alle Wichtige zur Kommunion finden Sie <a href=\"https:\/\/bistum-regensburg.de\/glauben\/sakramente\/kommunion\" target=\"_blank\" rel=\"noreferrer noopener\">hier.<\/a><\/p>\n\n\n\n<p>Der Tag der Erstkommunion ist 2026 der 10. Mai.<\/p>\n\n\n\n<p><strong>Vorbereitung:<\/strong><\/p>\n\n\n\n<p>20. M\u00e4rz 19.00 Uhr<br><strong>Bu\u00dfgottesdienst f\u00fcr Eltern<\/strong> und Angeh\u00f6rige<\/p>\n\n\n\n<p>29. M\u00e4rz 9.00 Uhr<br><strong>Mitfeier des Palmsonntags<\/strong> f\u00fcr alle Erstkommunion-kinder<\/p>\n\n\n\n<p><\/p>\n","protected":false},"excerpt":{"rendered":"<p>zur\u00fcck Alle Wichtige zur Kommunion finden Sie hier. Der Tag der Erstkommunion ist 2026 der 10. Mai. Vorbereitung: 20. M\u00e4rz 19.00 UhrBu\u00dfgottesdienst f\u00fcr Eltern und Angeh\u00f6rige 29. M\u00e4rz 9.00 UhrMitfeier des Palmsonntags f\u00fcr alle Erstkommunion-kinder<\/p>\n","protected":false},"author":1,"featured_media":0,"parent":429,"menu_order":2,"comment_status":"closed","ping_status":"closed","template":"","meta":{"footnotes":""},"class_list":["post-455","page","type-page","status-publish","hentry"],"_links":{"self":[{"href":"https:\/\/hunderdorf-pfarrei.de\/index.php?rest_route=\/wp\/v2\/pages\/455","targetHints":{"allow":["GET"]}}],"collection":[{"href":"https:\/\/hunderdorf-pfarrei.de\/index.php?rest_route=\/wp\/v2\/pages"}],"about":[{"href":"https:\/\/hunderdorf-pfarrei.de\/index.php?rest_route=\/wp\/v2\/types\/page"}],"author":[{"embeddable":true,"href":"https:\/\/hunderdorf-pfarrei.de\/index.php?rest_route=\/wp\/v2\/users\/1"}],"replies":[{"embeddable":true,"href":"https:\/\/hunderdorf-pfarrei.de\/index.php?rest_route=%2Fwp%2Fv2%2Fcomments&post=455"}],"version-history":[{"count":4,"href":"https:\/\/hunderdorf-pfarrei.de\/index.php?rest_route=\/wp\/v2\/pages\/455\/revisions"}],"predecessor-version":[{"id":498,"href":"https:\/\/hunderdorf-pfarrei.de\/index.php?rest_route=\/wp\/v2\/pages\/455\/revisions\/498"}],"up":[{"embeddable":true,"href":"https:\/\/hunderdorf-pfarrei.de\/index.php?rest_route=\/wp\/v2\/pages\/429"}],"wp:attachment":[{"href":"https:\/\/hunderdorf-pfarrei.de\/index.php?rest_route=%2Fwp%2Fv2%2Fmedia&parent=455"}],"curies":[{"name":"wp","href":"https:\/\/api.w.org\/{rel}","templated":true}]}}