{"id":465,"date":"2026-03-17T16:00:41","date_gmt":"2026-03-17T16:00:41","guid":{"rendered":"https:\/\/hunderdorf-pfarrei.de\/?page_id=465"},"modified":"2026-04-02T12:30:36","modified_gmt":"2026-04-02T12:30:36","slug":"eheschliessung","status":"publish","type":"page","link":"https:\/\/hunderdorf-pfarrei.de\/?page_id=465","title":{"rendered":"Eheschlie\u00dfung"},"content":{"rendered":"\n<p class=\"has-vivid-cyan-blue-color has-text-color has-link-color wp-elements-90cbe52f1fea9440042319fba2b77724\" style=\"font-size:22px\">Alles Wichtige zur Ehevorbereitung finden sie <a href=\"https:\/\/bistum-regensburg.de\/dienst-hilfe\/heiraten-ehe-familie\/ehevorbereitung\" target=\"_blank\" rel=\"noreferrer noopener\">hier.<\/a><\/p>\n\n\n\n<p class=\"has-green-color has-text-color has-link-color has-medium-font-size wp-elements-4d54a3a5f4a7bd89ec523ff92b205fdf\"><strong>Ehevorbereitungsseminar<\/strong><\/p>\n\n\n\n<p class=\"has-green-color has-text-color has-link-color wp-elements-22db77a2dfa502328b65036913a0cc44\">Zur Ehevorbereitung ist die Absolvierung eines <strong>Ehevorbereitungsseminars<\/strong> erforderlich.<\/p>\n\n\n\n<p class=\"has-green-color has-text-color has-link-color wp-elements-7133126402c300cccc7217477cc671f0\"><strong>Einen Termin finden Sie <a href=\"https:\/\/www.trau-dich-kirchlich.de\/ehevorbereitung\/veranstaltungskalender-ehevorbereitungsseminare#\/\" target=\"_blank\" rel=\"noreferrer noopener\">hier.<\/a><\/strong><\/p>\n\n\n\n<p>Melden Sie Ihren Trauungswunsch beim Pfaramt. Sie werden dann zum Traugespr\u00e4ch mit Ihrem Pfarrer eingeladen, in dem alles Wesentliche gekl\u00e4rt wird. Der Traupriester erstellt dann ein Trauprotokoll.<\/p>\n\n\n\n<p><\/p>\n\n\n\n<p class=\"has-text-color has-link-color wp-elements-8bacc62a7dba5d5376d34fbfbe740e08\" style=\"color:#03aa6d\"><a href=\"https:\/\/hunderdorf-pfarrei.de\/?page_id=429\">zur\u00fcck<\/a><\/p>\n\n\n\n<p><\/p>\n","protected":false},"excerpt":{"rendered":"<p>Alles Wichtige zur Ehevorbereitung finden sie hier. Ehevorbereitungsseminar Zur Ehevorbereitung ist die Absolvierung eines Ehevorbereitungsseminars erforderlich. Einen Termin finden Sie hier. Melden Sie Ihren Trauungswunsch beim Pfaramt. Sie werden dann zum Traugespr\u00e4ch mit Ihrem Pfarrer eingeladen, in dem alles Wesentliche gekl\u00e4rt wird. Der Traupriester erstellt dann ein Trauprotokoll. zur\u00fcck<\/p>\n","protected":false},"author":1,"featured_media":0,"parent":429,"menu_order":4,"comment_status":"closed","ping_status":"closed","template":"","meta":{"footnotes":""},"class_list":["post-465","page","type-page","status-publish","hentry"],"_links":{"self":[{"href":"https:\/\/hunderdorf-pfarrei.de\/index.php?rest_route=\/wp\/v2\/pages\/465","targetHints":{"allow":["GET"]}}],"collection":[{"href":"https:\/\/hunderdorf-pfarrei.de\/index.php?rest_route=\/wp\/v2\/pages"}],"about":[{"href":"https:\/\/hunderdorf-pfarrei.de\/index.php?rest_route=\/wp\/v2\/types\/page"}],"author":[{"embeddable":true,"href":"https:\/\/hunderdorf-pfarrei.de\/index.php?rest_route=\/wp\/v2\/users\/1"}],"replies":[{"embeddable":true,"href":"https:\/\/hunderdorf-pfarrei.de\/index.php?rest_route=%2Fwp%2Fv2%2Fcomments&post=465"}],"version-history":[{"count":5,"href":"https:\/\/hunderdorf-pfarrei.de\/index.php?rest_route=\/wp\/v2\/pages\/465\/revisions"}],"predecessor-version":[{"id":687,"href":"https:\/\/hunderdorf-pfarrei.de\/index.php?rest_route=\/wp\/v2\/pages\/465\/revisions\/687"}],"up":[{"embeddable":true,"href":"https:\/\/hunderdorf-pfarrei.de\/index.php?rest_route=\/wp\/v2\/pages\/429"}],"wp:attachment":[{"href":"https:\/\/hunderdorf-pfarrei.de\/index.php?rest_route=%2Fwp%2Fv2%2Fmedia&parent=465"}],"curies":[{"name":"wp","href":"https:\/\/api.w.org\/{rel}","templated":true}]}}