{"id":472,"date":"2026-03-17T17:04:52","date_gmt":"2026-03-17T17:04:52","guid":{"rendered":"https:\/\/hunderdorf-pfarrei.de\/?page_id=472"},"modified":"2026-03-17T17:05:04","modified_gmt":"2026-03-17T17:05:04","slug":"krankensalbung","status":"publish","type":"page","link":"https:\/\/hunderdorf-pfarrei.de\/?page_id=472","title":{"rendered":"Krankensalbung"},"content":{"rendered":"\n<p class=\"has-text-color has-link-color wp-elements-fbbc4e3f29f186b284aa9979c79523c0\" style=\"color:#08a56c\"><a href=\"https:\/\/hunderdorf-pfarrei.de\/?page_id=429\">zur\u00fcck<\/a><\/p>\n\n\n\n<p class=\"has-vivid-cyan-blue-color has-text-color has-link-color wp-elements-306bec3ab28b9703ecb88c441c34b1c1\" style=\"font-size:22px\">N\u00e4heres zum Sakrament der Krankensalbung finden Sie <a href=\"https:\/\/bistum-regensburg.de\/glauben\/sakramente\/krankensalbung\" target=\"_blank\" rel=\"noreferrer noopener\">hier.<\/a><\/p>\n\n\n\n<p>In unserer Pfarrei findet der Gottesdienst mit Krankensalbung zu unregelm\u00e4\u00dfigen Termine statt. <\/p>\n\n\n\n<p>Eingeladen sind <\/p>\n\n\n\n<ul class=\"wp-block-list\">\n<li>alle kranken Menschen, so beweglich sind, dass sie in die Kirche kommen k\u00f6nnen und<\/li>\n\n\n\n<li>alle \u00e4lteren Menschen, die eine St\u00e4rkung f\u00fcr die Gebrechen des Alters suchen.<\/li>\n<\/ul>\n\n\n\n<p>Termin:<\/p>\n\n\n\n<p>6. M\u00e4rz 14.30 Uhr in der Kirche in Hunderdorf<\/p>\n\n\n\n<p><\/p>\n\n\n\n<p><\/p>\n","protected":false},"excerpt":{"rendered":"<p>zur\u00fcck N\u00e4heres zum Sakrament der Krankensalbung finden Sie hier. In unserer Pfarrei findet der Gottesdienst mit Krankensalbung zu unregelm\u00e4\u00dfigen Termine statt. Eingeladen sind Termin: 6. M\u00e4rz 14.30 Uhr in der Kirche in Hunderdorf<\/p>\n","protected":false},"author":1,"featured_media":0,"parent":429,"menu_order":5,"comment_status":"closed","ping_status":"closed","template":"","meta":{"footnotes":""},"class_list":["post-472","page","type-page","status-publish","hentry"],"_links":{"self":[{"href":"https:\/\/hunderdorf-pfarrei.de\/index.php?rest_route=\/wp\/v2\/pages\/472","targetHints":{"allow":["GET"]}}],"collection":[{"href":"https:\/\/hunderdorf-pfarrei.de\/index.php?rest_route=\/wp\/v2\/pages"}],"about":[{"href":"https:\/\/hunderdorf-pfarrei.de\/index.php?rest_route=\/wp\/v2\/types\/page"}],"author":[{"embeddable":true,"href":"https:\/\/hunderdorf-pfarrei.de\/index.php?rest_route=\/wp\/v2\/users\/1"}],"replies":[{"embeddable":true,"href":"https:\/\/hunderdorf-pfarrei.de\/index.php?rest_route=%2Fwp%2Fv2%2Fcomments&post=472"}],"version-history":[{"count":3,"href":"https:\/\/hunderdorf-pfarrei.de\/index.php?rest_route=\/wp\/v2\/pages\/472\/revisions"}],"predecessor-version":[{"id":501,"href":"https:\/\/hunderdorf-pfarrei.de\/index.php?rest_route=\/wp\/v2\/pages\/472\/revisions\/501"}],"up":[{"embeddable":true,"href":"https:\/\/hunderdorf-pfarrei.de\/index.php?rest_route=\/wp\/v2\/pages\/429"}],"wp:attachment":[{"href":"https:\/\/hunderdorf-pfarrei.de\/index.php?rest_route=%2Fwp%2Fv2%2Fmedia&parent=472"}],"curies":[{"name":"wp","href":"https:\/\/api.w.org\/{rel}","templated":true}]}}