{"id":476,"date":"2026-03-17T16:50:24","date_gmt":"2026-03-17T16:50:24","guid":{"rendered":"https:\/\/hunderdorf-pfarrei.de\/?page_id=476"},"modified":"2026-03-17T17:05:58","modified_gmt":"2026-03-17T17:05:58","slug":"hauskommunion","status":"publish","type":"page","link":"https:\/\/hunderdorf-pfarrei.de\/?page_id=476","title":{"rendered":"Hauskommunion"},"content":{"rendered":"\n<p class=\"has-text-color has-link-color wp-elements-cd4da3527698f715bac1ba472aa5a845\" style=\"color:#019961\"><a href=\"https:\/\/hunderdorf-pfarrei.de\/?page_id=429\">zur\u00fcck<\/a><\/p>\n\n\n\n<p>Viele Gl\u00e4ubige k\u00f6nnen aus gesundheitlichen Gr\u00fcnden nicht mehr in die<br>Kirche kommen und die Eucharistie mitfeiern. Wenn Sie das Bed\u00fcrfnis<br>haben, die Kommunion zu empfangen, dann melden Sie sich bitte einfach<br>im Pfarrb\u00fcro. Auch wenn Sie Angeh\u00f6rige pflegen und sp\u00fcren welche<br>Bedeutung bei ihnen der Kommunionempfang hat, bitte im Pfarrb\u00fcro<br>Bescheid geben. Die Krankenkommunion kann dabei regelm\u00e4\u00dfig, aber<br>auch gelegentlich oder einmalig stattfinden.<\/p>\n\n\n\n<p>Vorbereitung<\/p>\n\n\n\n<p>Stim\u00admen Sie sich durch eine Zeit der Besinnung, durch <strong>Ge\u00adbet<\/strong> oder auch durch <strong>sch\u00f6ne Musik<\/strong> auf den Empfang der Kommunion ein.<\/p>\n\n\n\n<p>Umgebung: Ein <strong>Kreuz<\/strong>, eine <strong>Kerze<\/strong> wenn m\u00f6glich <strong>frische Blumen<\/strong> auf einem sch\u00f6nen Tischtuch,<br><strong>Weihwasser<\/strong> dazu stellen.<\/p>\n\n\n\n<p>Termine werden im <strong>Pfarrbrief<\/strong> bekannt gegeben. Melden Sie dem Pfarrb\u00fcro, wenn eine Hauskommunion gew\u00fcnscht wird. <\/p>\n","protected":false},"excerpt":{"rendered":"<p>zur\u00fcck Viele Gl\u00e4ubige k\u00f6nnen aus gesundheitlichen Gr\u00fcnden nicht mehr in dieKirche kommen und die Eucharistie mitfeiern. Wenn Sie das Bed\u00fcrfnishaben, die Kommunion zu empfangen, dann melden Sie sich bitte einfachim Pfarrb\u00fcro. Auch wenn Sie Angeh\u00f6rige pflegen und sp\u00fcren welcheBedeutung bei ihnen der Kommunionempfang hat, bitte im Pfarrb\u00fcroBescheid geben. Die Krankenkommunion kann dabei regelm\u00e4\u00dfig, aberauch gelegentlich &hellip; <a href=\"https:\/\/hunderdorf-pfarrei.de\/?page_id=476\" class=\"more-link\"><span class=\"screen-reader-text\">Hauskommunion<\/span> weiterlesen <span class=\"meta-nav\">&rarr;<\/span><\/a><\/p>\n","protected":false},"author":1,"featured_media":0,"parent":429,"menu_order":6,"comment_status":"closed","ping_status":"closed","template":"","meta":{"footnotes":""},"class_list":["post-476","page","type-page","status-publish","hentry"],"_links":{"self":[{"href":"https:\/\/hunderdorf-pfarrei.de\/index.php?rest_route=\/wp\/v2\/pages\/476","targetHints":{"allow":["GET"]}}],"collection":[{"href":"https:\/\/hunderdorf-pfarrei.de\/index.php?rest_route=\/wp\/v2\/pages"}],"about":[{"href":"https:\/\/hunderdorf-pfarrei.de\/index.php?rest_route=\/wp\/v2\/types\/page"}],"author":[{"embeddable":true,"href":"https:\/\/hunderdorf-pfarrei.de\/index.php?rest_route=\/wp\/v2\/users\/1"}],"replies":[{"embeddable":true,"href":"https:\/\/hunderdorf-pfarrei.de\/index.php?rest_route=%2Fwp%2Fv2%2Fcomments&post=476"}],"version-history":[{"count":2,"href":"https:\/\/hunderdorf-pfarrei.de\/index.php?rest_route=\/wp\/v2\/pages\/476\/revisions"}],"predecessor-version":[{"id":502,"href":"https:\/\/hunderdorf-pfarrei.de\/index.php?rest_route=\/wp\/v2\/pages\/476\/revisions\/502"}],"up":[{"embeddable":true,"href":"https:\/\/hunderdorf-pfarrei.de\/index.php?rest_route=\/wp\/v2\/pages\/429"}],"wp:attachment":[{"href":"https:\/\/hunderdorf-pfarrei.de\/index.php?rest_route=%2Fwp%2Fv2%2Fmedia&parent=476"}],"curies":[{"name":"wp","href":"https:\/\/api.w.org\/{rel}","templated":true}]}}