{"id":577,"date":"2026-03-18T16:48:56","date_gmt":"2026-03-18T16:48:56","guid":{"rendered":"https:\/\/hunderdorf-pfarrei.de\/?page_id=577"},"modified":"2026-03-18T16:51:08","modified_gmt":"2026-03-18T16:51:08","slug":"kirchenverwaltung","status":"publish","type":"page","link":"https:\/\/hunderdorf-pfarrei.de\/?page_id=577","title":{"rendered":"Kirchenverwaltung"},"content":{"rendered":"\n<p><\/p>\n\n\n\n<p>Die Katholische Kirchenstiftung St. Nikolaus wird durch die Kirchenverwaltung verwaltet.<\/p>\n\n\n\n<p>Vorsitzender Der Kirchenverwaltung ist der Pfarrer.<br>Aktuell ist es  der Administrator der Pfarrei<br><strong>Abt Petrus Adrian Lerchenm\u00fcller.<\/strong><\/p>\n\n\n\n<p>Der Vorsitzende wird in seinen Aufgaben durch den Kirchenpfleger unterst\u00fctzt. Dies ist aktuell<br><strong>Josef Breu<\/strong><\/p>\n\n\n\n<p>Die weiteren Mitglieder der Kirchenverwaltung sind:<\/p>\n\n\n\n<p><strong>Evi  Gro\u00df<\/strong><\/p>\n\n\n\n<p><strong> Rebecca Hanner<\/strong><\/p>\n\n\n\n<p><strong>Patrick Hanner<\/strong><\/p>\n\n\n\n<p><strong>Helmut Hastreite<\/strong>r<\/p>\n\n\n\n<p><strong>Albert Weinzierl<\/strong><\/p>\n\n\n\n<p><\/p>\n","protected":false},"excerpt":{"rendered":"<p>Die Katholische Kirchenstiftung St. Nikolaus wird durch die Kirchenverwaltung verwaltet. Vorsitzender Der Kirchenverwaltung ist der Pfarrer.Aktuell ist es der Administrator der PfarreiAbt Petrus Adrian Lerchenm\u00fcller. Der Vorsitzende wird in seinen Aufgaben durch den Kirchenpfleger unterst\u00fctzt. Dies ist aktuellJosef Breu Die weiteren Mitglieder der Kirchenverwaltung sind: Evi Gro\u00df Rebecca Hanner Patrick Hanner Helmut Hastreiter Albert Weinzierl<\/p>\n","protected":false},"author":1,"featured_media":0,"parent":543,"menu_order":0,"comment_status":"closed","ping_status":"closed","template":"","meta":{"footnotes":""},"class_list":["post-577","page","type-page","status-publish","hentry"],"_links":{"self":[{"href":"https:\/\/hunderdorf-pfarrei.de\/index.php?rest_route=\/wp\/v2\/pages\/577","targetHints":{"allow":["GET"]}}],"collection":[{"href":"https:\/\/hunderdorf-pfarrei.de\/index.php?rest_route=\/wp\/v2\/pages"}],"about":[{"href":"https:\/\/hunderdorf-pfarrei.de\/index.php?rest_route=\/wp\/v2\/types\/page"}],"author":[{"embeddable":true,"href":"https:\/\/hunderdorf-pfarrei.de\/index.php?rest_route=\/wp\/v2\/users\/1"}],"replies":[{"embeddable":true,"href":"https:\/\/hunderdorf-pfarrei.de\/index.php?rest_route=%2Fwp%2Fv2%2Fcomments&post=577"}],"version-history":[{"count":1,"href":"https:\/\/hunderdorf-pfarrei.de\/index.php?rest_route=\/wp\/v2\/pages\/577\/revisions"}],"predecessor-version":[{"id":578,"href":"https:\/\/hunderdorf-pfarrei.de\/index.php?rest_route=\/wp\/v2\/pages\/577\/revisions\/578"}],"up":[{"embeddable":true,"href":"https:\/\/hunderdorf-pfarrei.de\/index.php?rest_route=\/wp\/v2\/pages\/543"}],"wp:attachment":[{"href":"https:\/\/hunderdorf-pfarrei.de\/index.php?rest_route=%2Fwp%2Fv2%2Fmedia&parent=577"}],"curies":[{"name":"wp","href":"https:\/\/api.w.org\/{rel}","templated":true}]}}