{"id":581,"date":"2026-03-18T17:11:30","date_gmt":"2026-03-18T17:11:30","guid":{"rendered":"https:\/\/hunderdorf-pfarrei.de\/?page_id=581"},"modified":"2026-03-18T17:14:40","modified_gmt":"2026-03-18T17:14:40","slug":"pfarrgemeinderat","status":"publish","type":"page","link":"https:\/\/hunderdorf-pfarrei.de\/?page_id=581","title":{"rendered":"Pfarrgemeinderat"},"content":{"rendered":"\n<p>Der Pfarrgemeinderat in unserer besteht aus dem Vorsitzende, und 15  Personen, die entweder Kraft Amtes Mitglied sind (Pfarrer), bei der Pfarrgemeinderatswahl gew\u00e4hlt wurden oder in den Pfarrgemeinderat berufen oder von der Kirchenverwaltung entsandt wurden (Kirchenpflkeger).<\/p>\n\n\n\n<p><strong>Abt Petrus Adrian Lerchenm\u00fcller<\/strong>, Pfarradministrator, Vorsitzender<\/p>\n\n\n\n<p><strong>M\u00fchlbauer Gisela<\/strong>, Pfarrgemeinderatssprecherin<br><strong>Knott Florian<\/strong>, Stellvertretender Pfarrgemeinderatssprecher<\/p>\n\n\n\n<p><strong>Bauriedl Julia<\/strong>, Schriftf\u00fchrerin<br><strong>Breu Raphaela<\/strong>, stellvertretende Schriftf\u00fchrerin<br><br>Fuchs Manuela<br>Geiger Brigitte<br>G\u00fctlhuber Andrea<br>Hanner Sebastian<br>Hilmer Magdalena<br>M\u00fchlbauer Tobias<br>Retzer Helmut<br>Riepl Katharina<br>Weinzierl Angelika<\/p>\n\n\n\n<p>Breu Josef, Kirchenpfleger<\/p>\n\n\n\n<p><br><br><strong><a href=\"https:\/\/dikom-regensburg.de\/wp-content\/uploads\/2025\/10\/Statut-PGR-2026-druck.pdf\">Statut des Pfarrgemeinderates im Bistum Regensburg<\/a><\/strong><br><\/p>\n\n\n\n<p><br><\/p>\n\n\n\n<p><\/p>\n\n\n\n<p><br><br><br><br><br><br><br><br><br><\/p>\n","protected":false},"excerpt":{"rendered":"<p>Der Pfarrgemeinderat in unserer besteht aus dem Vorsitzende, und 15 Personen, die entweder Kraft Amtes Mitglied sind (Pfarrer), bei der Pfarrgemeinderatswahl gew\u00e4hlt wurden oder in den Pfarrgemeinderat berufen oder von der Kirchenverwaltung entsandt wurden (Kirchenpflkeger). Abt Petrus Adrian Lerchenm\u00fcller, Pfarradministrator, Vorsitzender M\u00fchlbauer Gisela, PfarrgemeinderatssprecherinKnott Florian, Stellvertretender Pfarrgemeinderatssprecher Bauriedl Julia, Schriftf\u00fchrerinBreu Raphaela, stellvertretende Schriftf\u00fchrerin Fuchs ManuelaGeiger &hellip; <a href=\"https:\/\/hunderdorf-pfarrei.de\/?page_id=581\" class=\"more-link\"><span class=\"screen-reader-text\">Pfarrgemeinderat<\/span> weiterlesen <span class=\"meta-nav\">&rarr;<\/span><\/a><\/p>\n","protected":false},"author":1,"featured_media":0,"parent":543,"menu_order":1,"comment_status":"closed","ping_status":"closed","template":"","meta":{"footnotes":""},"class_list":["post-581","page","type-page","status-publish","hentry"],"_links":{"self":[{"href":"https:\/\/hunderdorf-pfarrei.de\/index.php?rest_route=\/wp\/v2\/pages\/581","targetHints":{"allow":["GET"]}}],"collection":[{"href":"https:\/\/hunderdorf-pfarrei.de\/index.php?rest_route=\/wp\/v2\/pages"}],"about":[{"href":"https:\/\/hunderdorf-pfarrei.de\/index.php?rest_route=\/wp\/v2\/types\/page"}],"author":[{"embeddable":true,"href":"https:\/\/hunderdorf-pfarrei.de\/index.php?rest_route=\/wp\/v2\/users\/1"}],"replies":[{"embeddable":true,"href":"https:\/\/hunderdorf-pfarrei.de\/index.php?rest_route=%2Fwp%2Fv2%2Fcomments&post=581"}],"version-history":[{"count":2,"href":"https:\/\/hunderdorf-pfarrei.de\/index.php?rest_route=\/wp\/v2\/pages\/581\/revisions"}],"predecessor-version":[{"id":585,"href":"https:\/\/hunderdorf-pfarrei.de\/index.php?rest_route=\/wp\/v2\/pages\/581\/revisions\/585"}],"up":[{"embeddable":true,"href":"https:\/\/hunderdorf-pfarrei.de\/index.php?rest_route=\/wp\/v2\/pages\/543"}],"wp:attachment":[{"href":"https:\/\/hunderdorf-pfarrei.de\/index.php?rest_route=%2Fwp%2Fv2%2Fmedia&parent=581"}],"curies":[{"name":"wp","href":"https:\/\/api.w.org\/{rel}","templated":true}]}}