{"id":625,"date":"2026-03-29T16:27:36","date_gmt":"2026-03-29T16:27:36","guid":{"rendered":"https:\/\/hunderdorf-pfarrei.de\/?page_id=625"},"modified":"2026-03-29T16:40:12","modified_gmt":"2026-03-29T16:40:12","slug":"bestellung-einer-messintention","status":"publish","type":"page","link":"https:\/\/hunderdorf-pfarrei.de\/?page_id=625","title":{"rendered":"Bestellung einer Messintention"},"content":{"rendered":"\n<p><a><\/a>Mit einer Messintentionen (Messbestellung) k\u00f6nnen pers\u00f6nliche Gebetsanliegen f\u00fcr Verstorbene, Kranke oder in einem speziellen Anliegen bestellt werden.<br>Der Priester schlie\u00dft dieses Anliegen, diese Bitte in das eucharistische Opfer ein.<br>Die Kirche bittet daf\u00fcr um eine kleine Spende, dem sogenannten Messstipendium. Diese Spende betr\u00e4gt in unserer Pfarrei 5 Euro.<\/p>\n\n\n\n<p>Mit dem Stipendium unterst\u00fctzt der Besteller den allgemeinen Aufwand f\u00fcr den Gottesdienst (Beleuchtung, Heizung usw.).<\/p>\n\n\n\n<p>Sind mehr als eine Intention f\u00fcr eine Messe im Pfarrbrief vermerkt, wird die erste Intention gelesen und den anderen mitgedacht.<br>Es verbleibt nur der Betrag f\u00fcr die erste Intention in der Pfarrei. Die Stipendien f\u00fcr die weiteren Intentionen gibt die Pfarrei an das Bistum weiter. Diese Intentionen werden in der Diaspora oder Missionsgebieten gelesen und die dort t\u00e4tigen Priester unterst\u00fctzt.<\/p>\n\n\n\n<p>Die Bestellzettel liegen im Schriftenstand der Kirche auf und k\u00f6nnen mit nach Hause zum Ausf\u00fcllen mitgenommen werden.<\/p>\n\n\n\n<p>Der Bestellzettel kann aber hier heruntergeladen werden, indem Sie bei der untenstehenden Pdf-Datei in der Kopfzeile rechts au\u00dfen die beiden Pfeile anklicken dann den zweiten Eintrag &#8222;Speichern&#8220; w\u00e4hlen. <\/p>\n\n\n<div class=\"wp-block-image is-style-default\">\n<figure class=\"aligncenter size-full\"><img loading=\"lazy\" decoding=\"async\" width=\"504\" height=\"207\" src=\"https:\/\/hunderdorf-pfarrei.de\/wp-content\/uploads\/2026\/03\/grafik.png\" alt=\"\" class=\"wp-image-630\" srcset=\"https:\/\/hunderdorf-pfarrei.de\/wp-content\/uploads\/2026\/03\/grafik.png 504w, https:\/\/hunderdorf-pfarrei.de\/wp-content\/uploads\/2026\/03\/grafik-300x123.png 300w\" sizes=\"auto, (max-width: 504px) 100vw, 504px\" \/><\/figure>\n<\/div>\n\n\n<p><\/p>\n\n\n\n<div class=\"wp-block-pdfjsblock-pdfjs-embed pdfjs-wrapper\"><\/div>\n\n\n\n<p><\/p>\n\n\n\n<p><\/p>\n","protected":false},"excerpt":{"rendered":"<p>Mit einer Messintentionen (Messbestellung) k\u00f6nnen pers\u00f6nliche Gebetsanliegen f\u00fcr Verstorbene, Kranke oder in einem speziellen Anliegen bestellt werden.Der Priester schlie\u00dft dieses Anliegen, diese Bitte in das eucharistische Opfer ein.Die Kirche bittet daf\u00fcr um eine kleine Spende, dem sogenannten Messstipendium. Diese Spende betr\u00e4gt in unserer Pfarrei 5 Euro. Mit dem Stipendium unterst\u00fctzt der Besteller den allgemeinen Aufwand &hellip; <a href=\"https:\/\/hunderdorf-pfarrei.de\/?page_id=625\" class=\"more-link\"><span class=\"screen-reader-text\">Bestellung einer Messintention<\/span> weiterlesen <span class=\"meta-nav\">&rarr;<\/span><\/a><\/p>\n","protected":false},"author":1,"featured_media":0,"parent":429,"menu_order":9,"comment_status":"closed","ping_status":"closed","template":"","meta":{"footnotes":""},"class_list":["post-625","page","type-page","status-publish","hentry"],"_links":{"self":[{"href":"https:\/\/hunderdorf-pfarrei.de\/index.php?rest_route=\/wp\/v2\/pages\/625","targetHints":{"allow":["GET"]}}],"collection":[{"href":"https:\/\/hunderdorf-pfarrei.de\/index.php?rest_route=\/wp\/v2\/pages"}],"about":[{"href":"https:\/\/hunderdorf-pfarrei.de\/index.php?rest_route=\/wp\/v2\/types\/page"}],"author":[{"embeddable":true,"href":"https:\/\/hunderdorf-pfarrei.de\/index.php?rest_route=\/wp\/v2\/users\/1"}],"replies":[{"embeddable":true,"href":"https:\/\/hunderdorf-pfarrei.de\/index.php?rest_route=%2Fwp%2Fv2%2Fcomments&post=625"}],"version-history":[{"count":5,"href":"https:\/\/hunderdorf-pfarrei.de\/index.php?rest_route=\/wp\/v2\/pages\/625\/revisions"}],"predecessor-version":[{"id":635,"href":"https:\/\/hunderdorf-pfarrei.de\/index.php?rest_route=\/wp\/v2\/pages\/625\/revisions\/635"}],"up":[{"embeddable":true,"href":"https:\/\/hunderdorf-pfarrei.de\/index.php?rest_route=\/wp\/v2\/pages\/429"}],"wp:attachment":[{"href":"https:\/\/hunderdorf-pfarrei.de\/index.php?rest_route=%2Fwp%2Fv2%2Fmedia&parent=625"}],"curies":[{"name":"wp","href":"https:\/\/api.w.org\/{rel}","templated":true}]}}