{"id":659,"date":"2026-04-01T14:12:42","date_gmt":"2026-04-01T14:12:42","guid":{"rendered":"https:\/\/hunderdorf-pfarrei.de\/?page_id=659"},"modified":"2026-04-01T14:31:19","modified_gmt":"2026-04-01T14:31:19","slug":"kommunionhelfer-lektoren","status":"publish","type":"page","link":"https:\/\/hunderdorf-pfarrei.de\/?page_id=659","title":{"rendered":"Kommunionhelfer &#8211; Lektoren"},"content":{"rendered":"\n<p><\/p>\n\n\n\n<p>Kommunionhelfer, Lektoren, Vorbeter \u2013 der liturgische Dienst ist nicht rein einem Priester vorbehalten.&nbsp; <\/p>\n\n\n\n<p>Er wird h\u00e4ufig von ehrenamtlichen Helfern unterst\u00fctzt. Sie helfen nicht nur w\u00e4hrend der Liturgie, sondern oft auch in der Gottesdienstvorbereitung.&nbsp;<\/p>\n\n\n\n<p>Sselbstverst\u00e4ndlich k\u00f6nnen Sie sich auch im Erwachsenenalter an liturgischen Diensten und der Gottesdienstvorbereitung beteiligen. Daf\u00fcr bietet die&nbsp;<a href=\"https:\/\/bistum-regensburg.de\/bistum\/einrichtungen-a-z\/fachbereich-liturgie\">Fachstelle Liturgie<\/a>&nbsp;des Bistums Regensburg im Rahmen des&nbsp;Pastoralliturgischen Seminars&nbsp;einige Kurse an.<\/p>\n\n\n\n<p class=\"has-text-color has-background has-link-color has-medium-font-size wp-elements-22bc747687555aa23fd69363412b462a\" style=\"color:#b31c0b;background:linear-gradient(135deg,rgb(227,172,7) 0%,rgb(29,217,76) 100%)\"><strong><a href=\"https:\/\/hunderdorf-pfarrei.de\/?page_id=661\" data-type=\"page\" data-id=\"661\" target=\"_blank\" rel=\"noreferrer noopener\">Kommunionhelferplan<\/a><\/strong><\/p>\n\n\n\n<p class=\"has-text-color has-background has-link-color has-medium-font-size wp-elements-a8dd431a4cdfbbf14a64f5e8ae9d53ce\" style=\"color:#b31c0b;background:linear-gradient(135deg,rgb(227,142,7) 0%,rgb(81,224,82) 100%)\"><strong><a href=\"https:\/\/hunderdorf-pfarrei.de\/?page_id=663\" data-type=\"page\" data-id=\"663\" target=\"_blank\" rel=\"noreferrer noopener\">Lektorenplan<\/a><\/strong><\/p>\n\n\n\n<p><\/p>\n","protected":false},"excerpt":{"rendered":"<p>Kommunionhelfer, Lektoren, Vorbeter \u2013 der liturgische Dienst ist nicht rein einem Priester vorbehalten.&nbsp; Er wird h\u00e4ufig von ehrenamtlichen Helfern unterst\u00fctzt. Sie helfen nicht nur w\u00e4hrend der Liturgie, sondern oft auch in der Gottesdienstvorbereitung.&nbsp; Sselbstverst\u00e4ndlich k\u00f6nnen Sie sich auch im Erwachsenenalter an liturgischen Diensten und der Gottesdienstvorbereitung beteiligen. Daf\u00fcr bietet die&nbsp;Fachstelle Liturgie&nbsp;des Bistums Regensburg im Rahmen &hellip; <a href=\"https:\/\/hunderdorf-pfarrei.de\/?page_id=659\" class=\"more-link\"><span class=\"screen-reader-text\">Kommunionhelfer &#8211; Lektoren<\/span> weiterlesen <span class=\"meta-nav\">&rarr;<\/span><\/a><\/p>\n","protected":false},"author":1,"featured_media":0,"parent":543,"menu_order":3,"comment_status":"closed","ping_status":"closed","template":"","meta":{"footnotes":""},"class_list":["post-659","page","type-page","status-publish","hentry"],"_links":{"self":[{"href":"https:\/\/hunderdorf-pfarrei.de\/index.php?rest_route=\/wp\/v2\/pages\/659","targetHints":{"allow":["GET"]}}],"collection":[{"href":"https:\/\/hunderdorf-pfarrei.de\/index.php?rest_route=\/wp\/v2\/pages"}],"about":[{"href":"https:\/\/hunderdorf-pfarrei.de\/index.php?rest_route=\/wp\/v2\/types\/page"}],"author":[{"embeddable":true,"href":"https:\/\/hunderdorf-pfarrei.de\/index.php?rest_route=\/wp\/v2\/users\/1"}],"replies":[{"embeddable":true,"href":"https:\/\/hunderdorf-pfarrei.de\/index.php?rest_route=%2Fwp%2Fv2%2Fcomments&post=659"}],"version-history":[{"count":3,"href":"https:\/\/hunderdorf-pfarrei.de\/index.php?rest_route=\/wp\/v2\/pages\/659\/revisions"}],"predecessor-version":[{"id":668,"href":"https:\/\/hunderdorf-pfarrei.de\/index.php?rest_route=\/wp\/v2\/pages\/659\/revisions\/668"}],"up":[{"embeddable":true,"href":"https:\/\/hunderdorf-pfarrei.de\/index.php?rest_route=\/wp\/v2\/pages\/543"}],"wp:attachment":[{"href":"https:\/\/hunderdorf-pfarrei.de\/index.php?rest_route=%2Fwp%2Fv2%2Fmedia&parent=659"}],"curies":[{"name":"wp","href":"https:\/\/api.w.org\/{rel}","templated":true}]}}