{"id":675,"date":"2026-04-01T15:12:20","date_gmt":"2026-04-01T15:12:20","guid":{"rendered":"https:\/\/hunderdorf-pfarrei.de\/?page_id=675"},"modified":"2026-04-01T15:20:57","modified_gmt":"2026-04-01T15:20:57","slug":"marianische-maennerkongragation","status":"publish","type":"page","link":"https:\/\/hunderdorf-pfarrei.de\/?page_id=675","title":{"rendered":"Marianische M\u00e4nnerKongragation"},"content":{"rendered":"\n<p><\/p>\n\n\n\n<p>Die Marianische M\u00e4nnerkongregation ist eine katholische M\u00e4nnerbewegung. In Straubing besteht sie seit 1646 und z\u00e4hlt zur Zeit ca. 3.600 Mitglieder (Sodalen) in 124 Pfarrgruppen. In der Karmelitenkirche in Straubing ist monatlich, an jedem ersten Dienstag, eine Kongregationsmesse.<\/p>\n\n\n\n<p class=\"has-text-color has-link-color has-medium-font-size wp-elements-527261ccac50e8ab6e166dcbf12f8318\" style=\"color:#f23d3d\"><strong>Unser Ziel ist: Glaubensst\u00e4rke und Kirchentreue durch Marienverehrung in der Welt von heute<\/strong><\/p>\n\n\n\n<p>In unserer Pfarrei existiert eine Pfarrgruppe der MMC.<\/p>\n\n\n\n<p>Obmann der MMC ist Ludwig Schlecht.<\/p>\n\n\n\n<p class=\"has-medium-font-size\"><a href=\"https:\/\/www.mmc-straubing.de\/about\/\" data-type=\"link\" data-id=\"https:\/\/www.mmc-straubing.de\/about\/\">Mehr \u00fcber den MMC erfahren Sie hier.<\/a><\/p>\n","protected":false},"excerpt":{"rendered":"<p>Die Marianische M\u00e4nnerkongregation ist eine katholische M\u00e4nnerbewegung. In Straubing besteht sie seit 1646 und z\u00e4hlt zur Zeit ca. 3.600 Mitglieder (Sodalen) in 124 Pfarrgruppen. In der Karmelitenkirche in Straubing ist monatlich, an jedem ersten Dienstag, eine Kongregationsmesse. Unser Ziel ist: Glaubensst\u00e4rke und Kirchentreue durch Marienverehrung in der Welt von heute In unserer Pfarrei existiert eine &hellip; <a href=\"https:\/\/hunderdorf-pfarrei.de\/?page_id=675\" class=\"more-link\"><span class=\"screen-reader-text\">Marianische M\u00e4nnerKongragation<\/span> weiterlesen <span class=\"meta-nav\">&rarr;<\/span><\/a><\/p>\n","protected":false},"author":1,"featured_media":0,"parent":543,"menu_order":8,"comment_status":"closed","ping_status":"closed","template":"","meta":{"footnotes":""},"class_list":["post-675","page","type-page","status-publish","hentry"],"_links":{"self":[{"href":"https:\/\/hunderdorf-pfarrei.de\/index.php?rest_route=\/wp\/v2\/pages\/675","targetHints":{"allow":["GET"]}}],"collection":[{"href":"https:\/\/hunderdorf-pfarrei.de\/index.php?rest_route=\/wp\/v2\/pages"}],"about":[{"href":"https:\/\/hunderdorf-pfarrei.de\/index.php?rest_route=\/wp\/v2\/types\/page"}],"author":[{"embeddable":true,"href":"https:\/\/hunderdorf-pfarrei.de\/index.php?rest_route=\/wp\/v2\/users\/1"}],"replies":[{"embeddable":true,"href":"https:\/\/hunderdorf-pfarrei.de\/index.php?rest_route=%2Fwp%2Fv2%2Fcomments&post=675"}],"version-history":[{"count":2,"href":"https:\/\/hunderdorf-pfarrei.de\/index.php?rest_route=\/wp\/v2\/pages\/675\/revisions"}],"predecessor-version":[{"id":680,"href":"https:\/\/hunderdorf-pfarrei.de\/index.php?rest_route=\/wp\/v2\/pages\/675\/revisions\/680"}],"up":[{"embeddable":true,"href":"https:\/\/hunderdorf-pfarrei.de\/index.php?rest_route=\/wp\/v2\/pages\/543"}],"wp:attachment":[{"href":"https:\/\/hunderdorf-pfarrei.de\/index.php?rest_route=%2Fwp%2Fv2%2Fmedia&parent=675"}],"curies":[{"name":"wp","href":"https:\/\/api.w.org\/{rel}","templated":true}]}}