{"id":681,"date":"2026-04-01T15:59:11","date_gmt":"2026-04-01T15:59:11","guid":{"rendered":"https:\/\/hunderdorf-pfarrei.de\/?page_id=681"},"modified":"2026-04-01T16:00:18","modified_gmt":"2026-04-01T16:00:18","slug":"kdfb-katholischer-deutscher-frauenbund","status":"publish","type":"page","link":"https:\/\/hunderdorf-pfarrei.de\/?page_id=681","title":{"rendered":"KDFB Katholischer Deutscher Frauenbund"},"content":{"rendered":"\n<figure class=\"wp-block-image size-full\"><img loading=\"lazy\" decoding=\"async\" width=\"216\" height=\"117\" src=\"https:\/\/hunderdorf-pfarrei.de\/wp-content\/uploads\/2026\/04\/KDFB-Logo.jpg\" alt=\"\" class=\"wp-image-682\"\/><\/figure>\n\n\n\n<p>1968 wurde in Hunderdorf, als Pfarrer Georg Ruhs Pfarrer war, eine Pfarrgruppe, ein Zweigverein des Katholischen Deuschen Frauenbundes gegr\u00fcndet.<\/p>\n\n\n\n<p>Seine h\u00f6chste Mitgliederst\u00e4rke erreichte der Frauenbund unter der jahrzehntelangen F\u00fchrung von Angela S\u00f6ldner der Vorsitzenden. Nach deren altersbedingten R\u00fccktritt fand sich keine Frau mehr, die den Verein als Vorsitzende weiter gef\u00fchrt h\u00e4tte.<\/p>\n\n\n\n<p>So kam es Anfang der 2020er Jahre zur Aufl\u00f6sung des Vereins.  <\/p>\n\n\n\n<p>Die \u00fcbergeordnete Organisation des KDFB, der  Di\u00f6zesanverband existiert weiterhin. Der Di\u00f6zesanverband Regensburg ist mit \u00fcber 37.000 Frauen der mitgliederst\u00e4rkste aller KDFB Di\u00f6zesanverb\u00e4nde und zugleich auch der gr\u00f6\u00dfte katholische Verband im Bistum Regensburg. Er umfasst insgesamt 321 Zweigvereine,  die in 26 Bezirke unterteilt sind. Zudem gibt es zahlreiche Junge-Frauen-Gruppen und etliche Eltern-Kind-Gruppen, die mit dem KDFB kooperieren.&#8220;<\/p>\n\n\n\n<p class=\"has-medium-font-size\"><a href=\"https:\/\/seelsorge-regensburg.de\/fachstelle\/katholischer-deutscher-frauenbund\/\" data-type=\"link\" data-id=\"https:\/\/seelsorge-regensburg.de\/fachstelle\/katholischer-deutscher-frauenbund\/\" target=\"_blank\" rel=\"noreferrer noopener\">Hier erfahren Sie mehr \u00fcber den Katholischen Frauenbund.<\/a><\/p>\n","protected":false},"excerpt":{"rendered":"<p>1968 wurde in Hunderdorf, als Pfarrer Georg Ruhs Pfarrer war, eine Pfarrgruppe, ein Zweigverein des Katholischen Deuschen Frauenbundes gegr\u00fcndet. Seine h\u00f6chste Mitgliederst\u00e4rke erreichte der Frauenbund unter der jahrzehntelangen F\u00fchrung von Angela S\u00f6ldner der Vorsitzenden. Nach deren altersbedingten R\u00fccktritt fand sich keine Frau mehr, die den Verein als Vorsitzende weiter gef\u00fchrt h\u00e4tte. So kam es Anfang &hellip; <a href=\"https:\/\/hunderdorf-pfarrei.de\/?page_id=681\" class=\"more-link\"><span class=\"screen-reader-text\">KDFB Katholischer Deutscher Frauenbund<\/span> weiterlesen <span class=\"meta-nav\">&rarr;<\/span><\/a><\/p>\n","protected":false},"author":1,"featured_media":0,"parent":543,"menu_order":12,"comment_status":"closed","ping_status":"closed","template":"","meta":{"footnotes":""},"class_list":["post-681","page","type-page","status-publish","hentry"],"_links":{"self":[{"href":"https:\/\/hunderdorf-pfarrei.de\/index.php?rest_route=\/wp\/v2\/pages\/681","targetHints":{"allow":["GET"]}}],"collection":[{"href":"https:\/\/hunderdorf-pfarrei.de\/index.php?rest_route=\/wp\/v2\/pages"}],"about":[{"href":"https:\/\/hunderdorf-pfarrei.de\/index.php?rest_route=\/wp\/v2\/types\/page"}],"author":[{"embeddable":true,"href":"https:\/\/hunderdorf-pfarrei.de\/index.php?rest_route=\/wp\/v2\/users\/1"}],"replies":[{"embeddable":true,"href":"https:\/\/hunderdorf-pfarrei.de\/index.php?rest_route=%2Fwp%2Fv2%2Fcomments&post=681"}],"version-history":[{"count":1,"href":"https:\/\/hunderdorf-pfarrei.de\/index.php?rest_route=\/wp\/v2\/pages\/681\/revisions"}],"predecessor-version":[{"id":683,"href":"https:\/\/hunderdorf-pfarrei.de\/index.php?rest_route=\/wp\/v2\/pages\/681\/revisions\/683"}],"up":[{"embeddable":true,"href":"https:\/\/hunderdorf-pfarrei.de\/index.php?rest_route=\/wp\/v2\/pages\/543"}],"wp:attachment":[{"href":"https:\/\/hunderdorf-pfarrei.de\/index.php?rest_route=%2Fwp%2Fv2%2Fmedia&parent=681"}],"curies":[{"name":"wp","href":"https:\/\/api.w.org\/{rel}","templated":true}]}}